{"id":12,"date":"2025-08-01T07:03:12","date_gmt":"2025-08-01T07:03:12","guid":{"rendered":"https:\/\/www.kallenbergmusik.se\/?page_id=12"},"modified":"2025-08-02T12:14:35","modified_gmt":"2025-08-02T12:14:35","slug":"startsida","status":"publish","type":"page","link":"https:\/\/www.kallenbergmusik.se\/","title":{"rendered":"Startsida"},"content":{"rendered":"\t\t<div data-elementor-type=\"wp-page\" data-elementor-id=\"12\" class=\"elementor elementor-12\">\n\t\t\t\t<div class=\"elementor-element elementor-element-987075c e-flex e-con-boxed e-con e-parent\" data-id=\"987075c\" data-element_type=\"container\" data-e-type=\"container\" data-settings=\"{&quot;background_background&quot;:&quot;gradient&quot;}\">\n\t\t\t\t\t<div class=\"e-con-inner\">\n\t\t\t\t<div class=\"elementor-element elementor-element-76657e0 elementor-widget elementor-widget-image\" data-id=\"76657e0\" data-element_type=\"widget\" data-e-type=\"widget\" data-widget_type=\"image.default\">\n\t\t\t\t\t\t\t\t\t\t\t\t\t\t\t<img decoding=\"async\" src=\"https:\/\/www.kallenbergmusik.se\/wp-content\/uploads\/elementor\/thumbs\/IMG_3691-scaled-r9lsm168fw3sfm5736d4siu30ojgqmdl45d6nrv9hu.jpeg\" title=\"IMG_3691\" alt=\"IMG_3691\" loading=\"lazy\" \/>\t\t\t\t\t\t\t\t\t\t\t\t\t\t\t<\/div>\n\t\t\t\t<div class=\"elementor-element elementor-element-5a1d41e elementor-widget elementor-widget-text-editor\" data-id=\"5a1d41e\" data-element_type=\"widget\" data-e-type=\"widget\" data-widget_type=\"text-editor.default\">\n\t\t\t\t\t\t\t\t\t<h4>L\u00e4r dig spela piano och fiol i H\u00f6gberga p\u00e5 Liding\u00f6 <br>med Benjamin Kallenberg<br>Fr\u00e5n 4 \u00e5r upp till vuxna i alla \u00e5ldrar.<\/h4>\n<p>Individuella lektioner d\u00e4r undervisningen anpassas utifr\u00e5n elevens \u00f6nskningar,&nbsp;<br><span style=\"font-style: inherit; font-weight: inherit; background-color: transparent;\">dels n\u00e4r det g\u00e4ller musikstil \u2013 pop, visor, jazz, klassiskt mm<br>och dels om eleven vill l\u00e4ra sig spela via noter eller geh\u00f6r.<\/span><\/p>\n<p>Jag har utarbetat en metod f\u00f6r piano-nyb\u00f6rjaren baserat p\u00e5 geh\u00f6rsspel,&nbsp;<br><span style=\"font-style: inherit; font-weight: inherit; background-color: transparent;\">som g\u00f6r att alla snabbt kan spela v\u00e4lk\u00e4nda melodier med b\u00e5da h\u00e4nderna.<\/span><\/p>\n<p>Det viktiga f\u00f6r att l\u00e4ra sig spela \u00e4r att det k\u00e4nns lustfyllt,&nbsp;<br><span style=\"font-style: inherit; font-weight: inherit; background-color: transparent;\">vilket \u00e4r orsaken till att m\u00e5nga forts\u00e4tter att spela och utveckla sina kunskaper <br>tillsammans med mig under flera \u00e5r.<\/span><\/p>\t\t\t\t\t\t\t\t<\/div>\n\t\t\t\t\t<\/div>\n\t\t\t\t<\/div>\n\t\t<div class=\"elementor-element elementor-element-7fc3b95 e-grid e-con-boxed e-con e-parent\" data-id=\"7fc3b95\" data-element_type=\"container\" data-e-type=\"container\" data-settings=\"{&quot;background_background&quot;:&quot;gradient&quot;}\">\n\t\t\t\t\t<div class=\"e-con-inner\">\n\t\t\t\t<div class=\"elementor-element elementor-element-e10f0f5 elementor-widget__width-initial elementor-widget elementor-widget-text-editor\" data-id=\"e10f0f5\" data-element_type=\"widget\" data-e-type=\"widget\" data-widget_type=\"text-editor.default\">\n\t\t\t\t\t\t\t\t\t<p><img fetchpriority=\"high\" decoding=\"async\" class=\"alignnone size-medium wp-image-154\" src=\"https:\/\/www.kallenbergmusik.se\/wp-content\/uploads\/2025\/08\/IMG_2592-1-225x300.jpg\" alt=\"\" width=\"225\" height=\"300\" srcset=\"https:\/\/www.kallenbergmusik.se\/wp-content\/uploads\/2025\/08\/IMG_2592-1-225x300.jpg 225w, https:\/\/www.kallenbergmusik.se\/wp-content\/uploads\/2025\/08\/IMG_2592-1-768x1024.jpg 768w, https:\/\/www.kallenbergmusik.se\/wp-content\/uploads\/2025\/08\/IMG_2592-1-1152x1536.jpg 1152w, https:\/\/www.kallenbergmusik.se\/wp-content\/uploads\/2025\/08\/IMG_2592-1-1536x2048.jpg 1536w, https:\/\/www.kallenbergmusik.se\/wp-content\/uploads\/2025\/08\/IMG_2592-1-scaled.jpg 1920w\" sizes=\"(max-width: 225px) 100vw, 225px\" \/><\/p>\t\t\t\t\t\t\t\t<\/div>\n\t\t\t\t<div class=\"elementor-element elementor-element-0764d33 elementor-widget__width-initial elementor-widget elementor-widget-text-editor\" data-id=\"0764d33\" data-element_type=\"widget\" data-e-type=\"widget\" data-widget_type=\"text-editor.default\">\n\t\t\t\t\t\t\t\t\t<h4 style=\"font-size: 18px; font-style: normal;\"><u style=\"font-weight: normal;\">Om undervisningen<\/u><\/h4><p style=\"font-size: 18px; font-style: normal; font-weight: 400;\">Lektionens l\u00e4ngd \u00e4r flexibel, och b\u00f6r anpassas utifr\u00e5n \u00e5lder och niv\u00e5. <br \/>Det vanligaste \u00e4r 30 min\/vecka om man \u00e4r \u00f6ver 6 \u00e5r. \u00c4r man 4-6 \u00e5r brukar 15 min\/vecka vara lagom.<\/p><p>Terminen best\u00e5r av 12 lektionstillf\u00e4llen.<br \/>Vill man b\u00f6rja efter termisstart g\u00e5r det bra att b\u00f6rja n\u00e4r som helst i m\u00e5n av plats, och priset anpassas utifr\u00e5n hur m\u00e5nga lektioner vi hinner med.<\/p><p style=\"font-size: 18px; font-style: normal; font-weight: 400;\"><span style=\"background-color: transparent;\">Undervisningen \u00e4r p\u00e5\u00a0<\/span><a style=\"color: #060097;\" href=\"http:\/\/www.lidingodanscenter.se\/hitta-oss-hogberga\/\">H\u00f6gbergav\u00e4gen 4.<\/a><br \/><span style=\"background-color: transparent;\">Pris 12x30min \u2013 3250:-<\/span><\/p><p style=\"font-size: 18px; font-style: normal; font-weight: 400;\">Det g\u00e5r \u00e4ven att f\u00e5 privatlektioner, d\u00e4r man betalar f\u00f6r varje enskild lektion.<\/p><p style=\"font-size: 18px; font-style: normal; font-weight: 400;\">F\u00f6r fr\u00e5gor och bokning:<br \/>epost: <a style=\"color: #060097; transition-property: all;\" href=\"mailto:benjamin.musik@icloud.com\">benjamin.musik@icloud.com<\/a><br \/>mobil:\u00a0<a style=\"color: #060097; transition-property: all;\" href=\"tel:+46707445414\">070-744 54 14<\/a><\/p>\t\t\t\t\t\t\t\t<\/div>\n\t\t\t\t<div class=\"elementor-element elementor-element-d07bc06 elementor-widget__width-initial elementor-widget elementor-widget-text-editor\" data-id=\"d07bc06\" data-element_type=\"widget\" data-e-type=\"widget\" data-widget_type=\"text-editor.default\">\n\t\t\t\t\t\t\t\t\t<h5 style=\"font-size: 18px; font-style: normal;\"><u style=\"font-weight: normal;\">Om mig<\/u><\/h5>\n<p style=\"font-size: 18px; font-style: normal; font-weight: 400;\">Jag&nbsp;har jobbat som frilansmusiker och piano\/fioll\u00e4rare sedan 80-talet, och har medverkat som solist i div olika sammanhang bl a p\u00e5 TV och med Stockholms Filharmonikerna.&nbsp;<br><span style=\"font-style: inherit; font-weight: inherit; background-color: transparent;\">Jag har varit yrkesverksam som violinist, pianist, dragspelare och komposit\u00f6r\/producent. \u00c4r bl a utbildad p\u00e5 Berklee College of Music i Boston, och har arbetat med vitt skilda musikgenrar som: popul\u00e4rmusik, jazz och \u201dseri\u00f6s\u201d instrumentalmusik.<\/span><\/p>\n<p><\/p>\t\t\t\t\t\t\t\t<\/div>\n\t\t\t\t\t<\/div>\n\t\t\t\t<\/div>\n\t\t\t\t<\/div>\n\t\t","protected":false},"excerpt":{"rendered":"<p>L\u00e4r dig spela piano och fiol i H\u00f6gberga p\u00e5 Liding\u00f6 med Benjamin KallenbergFr\u00e5n 4 \u00e5r upp till vuxna i alla [&hellip;]<\/p>\n","protected":false},"author":1,"featured_media":0,"parent":0,"menu_order":0,"comment_status":"closed","ping_status":"closed","template":"","meta":{"site-sidebar-layout":"no-sidebar","site-content-layout":"plain-container","ast-site-content-layout":"full-width-container","site-content-style":"default","site-sidebar-style":"default","ast-global-header-display":"","ast-banner-title-visibility":"","ast-main-header-display":"","ast-hfb-above-header-display":"","ast-hfb-below-header-display":"","ast-hfb-mobile-header-display":"","site-post-title":"disabled","ast-breadcrumbs-content":"","ast-featured-img":"disabled","footer-sml-layout":"","ast-disable-related-posts":"","theme-transparent-header-meta":"enabled","adv-header-id-meta":"","stick-header-meta":"","header-above-stick-meta":"","header-main-stick-meta":"","header-below-stick-meta":"","astra-migrate-meta-layouts":"default","ast-page-background-enabled":"default","ast-page-background-meta":{"desktop":{"background-color":"var(--ast-global-color-5)","background-image":"","background-repeat":"repeat","background-position":"center center","background-size":"auto","background-attachment":"scroll","background-type":"","background-media":"","overlay-type":"","overlay-color":"","overlay-opacity":"","overlay-gradient":""},"tablet":{"background-color":"","background-image":"","background-repeat":"repeat","background-position":"center center","background-size":"auto","background-attachment":"scroll","background-type":"","background-media":"","overlay-type":"","overlay-color":"","overlay-opacity":"","overlay-gradient":""},"mobile":{"background-color":"","background-image":"","background-repeat":"repeat","background-position":"center center","background-size":"auto","background-attachment":"scroll","background-type":"","background-media":"","overlay-type":"","overlay-color":"","overlay-opacity":"","overlay-gradient":""}},"ast-content-background-meta":{"desktop":{"background-color":"var(--ast-global-color-4)","background-image":"","background-repeat":"repeat","background-position":"center center","background-size":"auto","background-attachment":"scroll","background-type":"","background-media":"","overlay-type":"","overlay-color":"","overlay-opacity":"","overlay-gradient":""},"tablet":{"background-color":"var(--ast-global-color-4)","background-image":"","background-repeat":"repeat","background-position":"center center","background-size":"auto","background-attachment":"scroll","background-type":"","background-media":"","overlay-type":"","overlay-color":"","overlay-opacity":"","overlay-gradient":""},"mobile":{"background-color":"var(--ast-global-color-4)","background-image":"","background-repeat":"repeat","background-position":"center center","background-size":"auto","background-attachment":"scroll","background-type":"","background-media":"","overlay-type":"","overlay-color":"","overlay-opacity":"","overlay-gradient":""}},"footnotes":""},"class_list":["post-12","page","type-page","status-publish","hentry"],"_links":{"self":[{"href":"https:\/\/www.kallenbergmusik.se\/index.php?rest_route=\/wp\/v2\/pages\/12","targetHints":{"allow":["GET"]}}],"collection":[{"href":"https:\/\/www.kallenbergmusik.se\/index.php?rest_route=\/wp\/v2\/pages"}],"about":[{"href":"https:\/\/www.kallenbergmusik.se\/index.php?rest_route=\/wp\/v2\/types\/page"}],"author":[{"embeddable":true,"href":"https:\/\/www.kallenbergmusik.se\/index.php?rest_route=\/wp\/v2\/users\/1"}],"replies":[{"embeddable":true,"href":"https:\/\/www.kallenbergmusik.se\/index.php?rest_route=%2Fwp%2Fv2%2Fcomments&post=12"}],"version-history":[{"count":113,"href":"https:\/\/www.kallenbergmusik.se\/index.php?rest_route=\/wp\/v2\/pages\/12\/revisions"}],"predecessor-version":[{"id":200,"href":"https:\/\/www.kallenbergmusik.se\/index.php?rest_route=\/wp\/v2\/pages\/12\/revisions\/200"}],"wp:attachment":[{"href":"https:\/\/www.kallenbergmusik.se\/index.php?rest_route=%2Fwp%2Fv2%2Fmedia&parent=12"}],"curies":[{"name":"wp","href":"https:\/\/api.w.org\/{rel}","templated":true}]}}